{"id":404,"date":"2014-11-04T15:01:14","date_gmt":"2014-11-04T14:01:06","guid":{"rendered":"http:\/\/c2031720.ferozo.com\/?page_id=404"},"modified":"2024-11-25T01:00:11","modified_gmt":"2024-11-25T00:00:11","slug":"la-traduccion-en-psicoanalisis","status":"publish","type":"page","link":"http:\/\/psychanalyse-et-transferts-culturels.com\/es\/psicoanalisis\/articulos\/la-traduccion-en-psicoanalisis\/","title":{"rendered":"La traduccion en psico\u00e1nalisis"},"content":{"rendered":"<p>Les articles, suivants ont \u00e9t\u00e9 publi\u00e9s \u00e0 l&#8217;automne argentin 2014 dans la r\u00e9vue &#8220;Lapsus Calami&#8221; dirig\u00e9 par Ilda Rodriguez et Alejandra Ruiz et quelques autres.<br \/>\nIl s&#8217;agit du num\u00e9ro 4 de la r\u00e9vue , qui a pour titre &#8220;La traduccion en psico\u00e1nalisis&#8221;<br \/>\nNous remercions la revue Lapsus Calami et ces auteurs d&#8217;avoir facilit\u00e9 leur traduction et publication.<br \/>\nCet ensemble est constitu\u00e9 par<br \/>\n&#8211; Entretien effectu\u00e9 par Adriana Bauab et Alejandra Ruiz a Ricardo Rodriguez Ponte en 2014<br \/>\n-&#8220;La traduction analytique en Chine&#8221;, Yang Chunquiang<br \/>\n-&#8220;L&#8217;impossible \u00e0 traduire&#8221;, H\u00e9ctor Yankelevich<br \/>\n-&#8220;El espacio de transmission, un acto entre las lenguas&#8221;, Paola Mieli<\/p>\n<p><iframe src=\"\/\/docs.google.com\/viewer?url=http%3A%2F%2Fpsychanalyse-et-transferts-culturels.com%2Fwp-content%2Fuploads%2F2014%2F11%2FEntrevista-RRP-si-si.pdf&hl=en_US&embedded=true\" class=\"gde-frame\" style=\"width:100%; height:500px; border: none;\" scrolling=\"no\"><\/iframe>\n<br \/>\n<iframe src=\"\/\/docs.google.com\/viewer?url=http%3A%2F%2Fpsychanalyse-et-transferts-culturels.com%2Fwp-content%2Fuploads%2F2014%2F11%2FLa-traduction-analytique-en-Chine.pdf&hl=en_US&embedded=true\" class=\"gde-frame\" style=\"width:100%; height:500px; border: none;\" scrolling=\"no\"><\/iframe>\n<br \/>\n<iframe src=\"\/\/docs.google.com\/viewer?url=http%3A%2F%2Fpsychanalyse-et-transferts-culturels.com%2Fwp-content%2Fuploads%2F2014%2F11%2FLImpossible-%C3%A0-traduire.pdf&hl=en_US&embedded=true\" class=\"gde-frame\" style=\"width:100%; height:500px; border: none;\" scrolling=\"no\"><\/iframe>\n<iframe src=\"\/\/docs.google.com\/viewer?url=http%3A%2F%2Fpsychanalyse-et-transferts-culturels.com%2Fwp-content%2Fuploads%2F2014%2F11%2FEl-espacio-de-transmission-un-acto-entre-las-lenguas.pdf&hl=en_US&embedded=true\" class=\"gde-frame\" style=\"width:100%; height:500px; border: none;\" scrolling=\"no\"><\/iframe>\n<\/p>\n","protected":false},"excerpt":{"rendered":"<p>Les articles, suivants ont \u00e9t\u00e9 publi\u00e9s \u00e0 l&#8217;automne argentin 2014 dans la r\u00e9vue &#8220;Lapsus Calami&#8221; dirig\u00e9 par Ilda Rodriguez et Alejandra Ruiz et quelques autres. Il s&#8217;agit du num\u00e9ro 4 [&hellip;]<\/p>\n","protected":false},"author":1,"featured_media":0,"parent":1445,"menu_order":10,"comment_status":"closed","ping_status":"closed","template":"","meta":{"inline_featured_image":false,"footnotes":""},"class_list":["post-404","page","type-page","status-publish","hentry"],"_links":{"self":[{"href":"http:\/\/psychanalyse-et-transferts-culturels.com\/es\/wp-json\/wp\/v2\/pages\/404","targetHints":{"allow":["GET"]}}],"collection":[{"href":"http:\/\/psychanalyse-et-transferts-culturels.com\/es\/wp-json\/wp\/v2\/pages"}],"about":[{"href":"http:\/\/psychanalyse-et-transferts-culturels.com\/es\/wp-json\/wp\/v2\/types\/page"}],"author":[{"embeddable":true,"href":"http:\/\/psychanalyse-et-transferts-culturels.com\/es\/wp-json\/wp\/v2\/users\/1"}],"replies":[{"embeddable":true,"href":"http:\/\/psychanalyse-et-transferts-culturels.com\/es\/wp-json\/wp\/v2\/comments?post=404"}],"version-history":[{"count":1,"href":"http:\/\/psychanalyse-et-transferts-culturels.com\/es\/wp-json\/wp\/v2\/pages\/404\/revisions"}],"predecessor-version":[{"id":405,"href":"http:\/\/psychanalyse-et-transferts-culturels.com\/es\/wp-json\/wp\/v2\/pages\/404\/revisions\/405"}],"up":[{"embeddable":true,"href":"http:\/\/psychanalyse-et-transferts-culturels.com\/es\/wp-json\/wp\/v2\/pages\/1445"}],"wp:attachment":[{"href":"http:\/\/psychanalyse-et-transferts-culturels.com\/es\/wp-json\/wp\/v2\/media?parent=404"}],"curies":[{"name":"wp","href":"https:\/\/api.w.org\/{rel}","templated":true}]}}