{"id":1445,"date":"2014-06-01T17:33:41","date_gmt":"2014-06-01T15:33:41","guid":{"rendered":"http:\/\/psychanalyse-et-transferts-culturels.com\/?page_id=1445"},"modified":"2025-01-16T18:36:52","modified_gmt":"2025-01-16T17:36:52","slug":"articulos","status":"publish","type":"page","link":"http:\/\/psychanalyse-et-transferts-culturels.com\/es\/psicoanalisis\/articulos\/","title":{"rendered":"Art\u00edculos"},"content":{"rendered":"<p style=\"color: #222222;\">Los siguientes art\u00edculos fueron publicados en el oto\u00f1o argentino de 2014 en la revista &#8220;Lapsus Calami&#8221; editada por Ilda Rodr\u00edguez y Alejandra Ruiz y algunas otras.<br \/>\nEste es el n\u00famero 4 de la revista, que lleva por t\u00edtulo &#8220;La traducci\u00f3n en psico\u00e1n\u00e1lisis&#8221;<br \/>\nAgradecemos a la revista Lapsus Calami y a estos autores por facilitar su traducci\u00f3n y publicaci\u00f3n.<br \/>\nEste conjunto est\u00e1 compuesto por:<\/p>\n<ul>\n<li><a title=\"Entretien effectu\u00e9 par Adriana Bauab et Alejandra Ruiz a Ricardo Rodriguez Ponte\" href=\"https:\/\/psychanalyse-et-transferts-culturels.com\/articles\/entretien-effectue-par-adriana-bauab-et-alejandra-ruiz-a-ricardo-rodriguez-ponte\/\">Entretien effectu\u00e9 par Adriana Bauab et Alejandra Ruiz a Ricardo Rodriguez Ponte en 2014<\/a><\/li>\n<li>&#8220;<a title=\"Yang Chunquiang \u2013 La traduction analytique en Chine\" href=\"http:\/\/psychanalyse-et-transferts-culturels.com\/?p=415\">La traduction analytique en Chine<\/a>&#8220;, Yang Chunquiang<\/li>\n<li>&#8220;<a title=\"H\u00e9ctor Yankelevich \u2013 L\u2019impossible \u00e0 traduire\" href=\"http:\/\/psychanalyse-et-transferts-culturels.com\/?p=421\">L&#8217;impossible \u00e0 traduire<\/a>&#8220;, H\u00e9ctor Yankelevich<\/li>\n<li>&#8220;<a title=\"Paola Mieli \u2013 El espacio de transmission, un acto entre las lenguas\" href=\"http:\/\/psychanalyse-et-transferts-culturels.com\/?p=429\">El espacio de transmission, un acto entre las lenguas<\/a>&#8220;, Paola Mieli<\/li>\n<\/ul>\n","protected":false},"excerpt":{"rendered":"<p>Los siguientes art\u00edculos fueron publicados en el oto\u00f1o argentino de 2014 en la revista &#8220;Lapsus Calami&#8221; editada por Ilda Rodr\u00edguez y Alejandra Ruiz y algunas otras. Este es el n\u00famero [&hellip;]<\/p>\n","protected":false},"author":3,"featured_media":0,"parent":161,"menu_order":2,"comment_status":"closed","ping_status":"closed","template":"template-modules.php","meta":{"inline_featured_image":false,"footnotes":""},"class_list":["post-1445","page","type-page","status-publish","hentry"],"_links":{"self":[{"href":"http:\/\/psychanalyse-et-transferts-culturels.com\/es\/wp-json\/wp\/v2\/pages\/1445","targetHints":{"allow":["GET"]}}],"collection":[{"href":"http:\/\/psychanalyse-et-transferts-culturels.com\/es\/wp-json\/wp\/v2\/pages"}],"about":[{"href":"http:\/\/psychanalyse-et-transferts-culturels.com\/es\/wp-json\/wp\/v2\/types\/page"}],"author":[{"embeddable":true,"href":"http:\/\/psychanalyse-et-transferts-culturels.com\/es\/wp-json\/wp\/v2\/users\/3"}],"replies":[{"embeddable":true,"href":"http:\/\/psychanalyse-et-transferts-culturels.com\/es\/wp-json\/wp\/v2\/comments?post=1445"}],"version-history":[{"count":2,"href":"http:\/\/psychanalyse-et-transferts-culturels.com\/es\/wp-json\/wp\/v2\/pages\/1445\/revisions"}],"predecessor-version":[{"id":1688,"href":"http:\/\/psychanalyse-et-transferts-culturels.com\/es\/wp-json\/wp\/v2\/pages\/1445\/revisions\/1688"}],"up":[{"embeddable":true,"href":"http:\/\/psychanalyse-et-transferts-culturels.com\/es\/wp-json\/wp\/v2\/pages\/161"}],"wp:attachment":[{"href":"http:\/\/psychanalyse-et-transferts-culturels.com\/es\/wp-json\/wp\/v2\/media?parent=1445"}],"curies":[{"name":"wp","href":"https:\/\/api.w.org\/{rel}","templated":true}]}}